{"id":6,"date":"2016-05-12T19:31:37","date_gmt":"2016-05-12T17:31:37","guid":{"rendered":"http:\/\/raymond7.fr\/pages\/?page_id=6"},"modified":"2020-04-24T08:26:56","modified_gmt":"2020-04-24T06:26:56","slug":"hotel-raymond-vii","status":"publish","type":"page","link":"https:\/\/raymond7.fr\/pages\/","title":{"rendered":"HOTEL RAYMOND VII"},"content":{"rendered":"\n<div style=\"background: #27212C; color: #b59dad;\"><div class=\"rtbs  rtbs_frontpage\"><div class=\"rtbs_slug\" style=\"display:none\">frontpage<\/div><div class=\"rtbs_inactive_tab_background\" style=\"display:none\">transparent<\/div><div class=\"rtbs_breakpoint\" style=\"display:none\">600<\/div><div class=\"rtbs_color\" style=\"display:none\">#473d4f<\/div>\r\n        <div class=\"rtbs_menu\">\r\n            <ul>\r\n                <li class=\"mobile_toggle\">&zwnj;<\/li><li class=\"current\"><a style=\"background:#473d4f\" class=\"active frontpage-tab-link-0\" href=\"#\" data-tab=\"#frontpage-tab-0\">Actualit\u00e9s<\/a><\/li><li><a href=\"#\" data-tab=\"#frontpage-tab-1\" class=\"frontpage-tab-link-1\">Grand Sites<\/a><\/li><li><a href=\"#\" data-tab=\"#frontpage-tab-2\" class=\"frontpage-tab-link-2\">Village pr\u00e9f\u00e9r\u00e9<\/a><\/li>\r\n            <\/ul>\r\n        <\/div><div style=\"border-top:7px solid #473d4f;\" id=\"frontpage-tab-0\" class=\"rtbs_content active\"><p><img class=\"alignleft wp-image-152\" style=\"margin-top: 0.857143rem; margin-right: 1.71429rem; margin-bottom: 0.857143rem;\" src=\"http:\/\/raymond7.fr\/assets\/img\/frontpage\/note-booking.png\" alt=\"Note 9 booking\" width=\"180\" height=\"180\"> <\/p>\n<h3>Saison 2020<\/h3>\n<p>Nous sommes heureux de vous accueillir dans notre h\u00f4tel de charme en haut de la cit\u00e9 . Pour nous contacter par t\u00e9l\u00e9phone pour enregistrer vos r\u00e9servations ou poser vos questions.<\/p>\n<p>- T\u00e9l\u00e9phone : 05 63 60 02 80<br \/>\n- Mobile : 06 75 04 62 68<\/p>\n<p>Tout y est mis en oeuvre pour vous accueillir dans les meilleures conditions d'hygi\u00e8ne et de s\u00e9curit\u00e9.<\/p>\n<div style=\"margin-top:30px; clear:both;\"><\/div><\/div><div style=\"border-top:7px solid #473d4f;\" id=\"frontpage-tab-1\" class=\"rtbs_content\"><p><img style=\"float: left; margin-right: 25px; margin-bottom: 10px;\" title=\"HOTEL RAYMOND VII CORDES SUR CIEL\" src=\"http:\/\/raymond7.fr\/pages\/wp-content\/uploads\/2016\/05\/grands_sites.png\" alt=\"HOTEL RAYMOND VII CORDES SUR CIEL\" \/><\/p>\n<h3>Grand Sites<\/h3>\n<p>L\u2019appellation Grand Site permet \u00e0 la ville de Cordes sur ciel, ainsi qu\u2019aux autres villes membres, de b\u00e9n\u00e9ficier d\u2019aides favorisant la qualit\u00e9 et la capacit\u00e9 d\u2019accueil de visiteurs, la valorisation optimale du patrimoine et de son image ainsi que de sa conservation.<\/p>\n<div style=\"margin-top:30px; clear:both;\"><\/div><\/div><div style=\"border-top:7px solid #473d4f;\" id=\"frontpage-tab-2\" class=\"rtbs_content\"><p><img style=\"float: left; margin-right: 25px; margin-bottom: 25px;margin-top: 25px;\" src=\"http:\/\/raymond7.fr\/pages\/wp-content\/uploads\/2016\/05\/LVPDF_LOGO_2014.png\" alt=\"HOTEL RAYMOND VII CORDES SUR CIEL\" title=\"HOTEL RAYMOND VII CORDES SUR CIEL\"\/><\/p>\n<h3>Cordes sur Ciel<\/h3>\n<p>Il a \u00e9t\u00e9 \u00e9lu village pr\u00e9f\u00e9r\u00e9 des Fran\u00e7ais pour l\u2019ann\u00e9e 2014, son nom d'origine, Cordes, s'est vu affubl\u00e9 en 1947 par une journaliste romanci\u00e8re et po\u00e9tesse, Jeanne Ramel-Cals, de \"sur Ciel\" car la commune, \u00e0 certaines saisons, semble nager au-dessus d'une mer de nuages. Le nom de la commune a \u00e9t\u00e9 chang\u00e9 en 1993 par le ministre de l'int\u00e9rieur de l'\u00e9poque qui allait devenir le maire de Cordes-sur-Ciel : Paul Quil\u00e8s.<\/p>\n<div style=\"margin-top:30px; clear:both;\"><\/div><\/div>\r\n    <\/div>\r\n    <\/div>\n<style type=\"text\/css\">\n.rtbs_frontpage>.rtbs_menu>ul>li>a{color:#B59DAD;}\n.rtbs_frontpage>.rtbs_content{background:#473D4F;color:#B59DAD;}\n<\/style>\n\n\n\n<div class=\"wp-block-media-text alignwide has-media-on-the-right is-stacked-on-mobile is-vertically-aligned-center\" style=\"grid-template-columns:auto 29%\"><figure class=\"wp-block-media-text__media\"><img decoding=\"async\" loading=\"lazy\" width=\"300\" height=\"300\" src=\"http:\/\/raymond7.fr\/pages\/wp-content\/uploads\/2016\/05\/Cordes_rue_raymond7.jpg\" alt=\"H\u00f4tel Raymond VII -Cordes sur ciel -\" class=\"wp-image-10\" srcset=\"https:\/\/raymond7.fr\/pages\/wp-content\/uploads\/2016\/05\/Cordes_rue_raymond7.jpg 300w, https:\/\/raymond7.fr\/pages\/wp-content\/uploads\/2016\/05\/Cordes_rue_raymond7-150x150.jpg 150w\" sizes=\"(max-width: 300px) 100vw, 300px\" \/><\/figure><div class=\"wp-block-media-text__content\">\n<p>Situ\u00e9 \u00e0 <strong>Cordes sur ciel<\/strong>, au c\u0153ur de la cit\u00e9 m\u00e9di\u00e9vale, <strong>l\u2019H\u00f4tel Raymond VII<\/strong>, vous propose sept chambres dans un cadre b\u00e2tit au XIIIe si\u00e8cle. <\/p>\n\n\n\n<p>L\u2019h\u00f4tel est un lieu authentique et chaleureux o\u00f9 l\u2019on se soucie de votre confort et o\u00f9 chaque d\u00e9tail compte. L\u2019int\u00e9rieur de cet h\u00f4tel garde son cadre naturel : plafonds \u00e0 la fran\u00e7aise, poutres apparentes s\u2019associent avec des couleurs douces et \u00e9pur\u00e9es.Proche d\u2019Albi et de sa cath\u00e9drale, de Gaillac et de son vignoble, <strong>Cordes Sur Ciel<\/strong> est une cit\u00e9 cr\u00e9\u00e9e par le comte de Toulouse en 1222. <\/p>\n\n\n\n<p>Le village, sur\u00e9lev\u00e9 au-dessus du C\u00e9rou, est connu pour ses petites rues tortueuses. Son site particulier et son architecture en font une des villes m\u00e9di\u00e9vales la plus originale de France et un des hauts lieux du patrimoine europ\u00e9en. Elle est class\u00e9e parmi les Grands Sites de Midi-Pyr\u00e9n\u00e9es. \u00a0<\/p>\n<\/div><\/div>\n\n\n<h2 style=\"text-align: center;\">Visitez notre h\u00f4tel en photographie<\/h2>\n<table style=\"width: 100%;\" border=\"0\" cellspacing=\"1\" cellpadding=\"1\" align=\"center\">\n<tbody>\n<tr>\n<td style=\"text-align: center; vertical-align: middle;\"><img decoding=\"async\" title=\"HOTEL RAYMOND VII\" src=\"http:\/\/raymond7.fr\/assets\/img\/portfolio\/image1.jpg\" alt=\"HOTEL RAYMOND VII\" \/><\/td>\n<td style=\"text-align: center; vertical-align: middle;\"><img decoding=\"async\" title=\"HOTEL RAYMOND VII\" src=\"http:\/\/raymond7.fr\/assets\/img\/portfolio\/image2.jpg\" alt=\"HOTEL RAYMOND VII\" \/><\/td>\n<td style=\"text-align: center; vertical-align: middle;\"><img decoding=\"async\" title=\"HOTEL RAYMOND VII\" src=\"http:\/\/raymond7.fr\/assets\/img\/portfolio\/image3.jpg\" alt=\"HOTEL RAYMOND VII\" \/><\/td>\n<td style=\"text-align: center; vertical-align: middle;\"><img decoding=\"async\" title=\"HOTEL RAYMOND VII\" src=\"http:\/\/raymond7.fr\/assets\/img\/portfolio\/image4.jpg\" alt=\"HOTEL RAYMOND VII\" \/><\/td>\n<\/tr>\n<tr>\n<td style=\"text-align: center; vertical-align: middle;\"><img decoding=\"async\" title=\"HOTEL RAYMOND VII\" src=\"http:\/\/raymond7.fr\/assets\/img\/portfolio\/image5.jpg\" alt=\"HOTEL RAYMOND VII\" \/><\/td>\n<td style=\"text-align: center; vertical-align: middle;\"><img decoding=\"async\" title=\"HOTEL RAYMOND VII\" src=\"http:\/\/raymond7.fr\/assets\/img\/portfolio\/image6.jpg\" alt=\"HOTEL RAYMOND VII\" \/><\/td>\n<td style=\"text-align: center; vertical-align: middle;\"><img decoding=\"async\" title=\"HOTEL RAYMOND VII\" src=\"http:\/\/raymond7.fr\/assets\/img\/portfolio\/image7.jpg\" alt=\"HOTEL RAYMOND VII\" \/><\/td>\n<td style=\"text-align: center; vertical-align: middle;\"><img decoding=\"async\" title=\"HOTEL RAYMOND VII\" src=\"http:\/\/raymond7.fr\/assets\/img\/portfolio\/image8.jpg\" alt=\"HOTEL RAYMOND VII\" \/><\/td>\n<\/tr>\n<\/tbody>\n<\/table>\n<p><style type=\"text\/css\">\n.rtbs_frontpage>.rtbs_menu>ul>li>a{color:#B59DAD;}<br \/>\n.rtbs_frontpage>.rtbs_content{background:#473D4F;color:#B59DAD;}<br \/>\n<\/style><\/p>\n\n\n<div class=\"wp-block-image\"><figure class=\"aligncenter size-large\"><a href=\"https:\/\/fr.mappy.com\/#\/5\/M2\/TSearch\/S19+Grand+Rue+Raymond+VII%2C++81170+Cordes-sur-Ciel%2C+France\/N151.12061,6.11309,1.95266,44.06321\/Z18\/\" target=\"_blank\" rel=\"noopener noreferrer\"><img decoding=\"async\" loading=\"lazy\" width=\"1024\" height=\"465\" src=\"http:\/\/raymond7.fr\/pages\/wp-content\/uploads\/2020\/04\/plan-1-1024x465.png\" alt=\"\" class=\"wp-image-190\" srcset=\"https:\/\/raymond7.fr\/pages\/wp-content\/uploads\/2020\/04\/plan-1-1024x465.png 1024w, https:\/\/raymond7.fr\/pages\/wp-content\/uploads\/2020\/04\/plan-1-300x136.png 300w, https:\/\/raymond7.fr\/pages\/wp-content\/uploads\/2020\/04\/plan-1-150x68.png 150w, https:\/\/raymond7.fr\/pages\/wp-content\/uploads\/2020\/04\/plan-1.png 1100w\" sizes=\"(max-width: 1024px) 100vw, 1024px\" \/><\/a><figcaption>Nous trouver dans Cordes sur ciel<\/figcaption><\/figure><\/div>\n\n\n\n<p><\/p>\n","protected":false},"excerpt":{"rendered":"<p>Situ\u00e9 \u00e0 Cordes sur ciel, au c\u0153ur de la cit\u00e9 m\u00e9di\u00e9vale, l\u2019H\u00f4tel Raymond VII, vous propose sept chambres dans un cadre b\u00e2tit au XIIIe si\u00e8cle. L\u2019h\u00f4tel est un lieu authentique et chaleureux o\u00f9 l\u2019on se soucie de votre confort et o\u00f9 chaque d\u00e9tail compte. L\u2019int\u00e9rieur de cet h\u00f4tel garde son cadre naturel : plafonds \u00e0 la fran\u00e7aise, poutres apparentes s\u2019associent avec des couleurs douces et \u00e9pur\u00e9es.Proche d\u2019Albi et de sa cath\u00e9drale, de Gaillac et de son vignoble, Cordes Sur Ciel est une cit\u00e9 cr\u00e9\u00e9e par le comte de Toulouse en 1222. Le village, sur\u00e9lev\u00e9 au-dessus du C\u00e9rou, est connu pour<\/p>\n<a class=\"more-link\" rel=\"nofollow\" href=\"https:\/\/raymond7.fr\/pages\/rtbs_tabs\/frontpage\/\">[Voir plus...]<\/a>","protected":false},"author":1,"featured_media":0,"parent":0,"menu_order":0,"comment_status":"closed","ping_status":"closed","template":"template\/raymond-vii.php","meta":[],"yoast_head":"<!-- This site is optimized with the Yoast SEO plugin v19.14 - https:\/\/yoast.com\/wordpress\/plugins\/seo\/ -->\n<title>HOTEL RAYMOND VII - H\u00f4tel Raymond VII<\/title>\n<meta name=\"description\" content=\"Situ\u00e9 \u00e0 Cordes sur ciel, au c\u0153ur de la cit\u00e9 m\u00e9di\u00e9vale, l\u2019H\u00f4tel Raymond VII, vous propose sept chambres dans un cadre b\u00e2tit au XIIIe si\u00e8cle.\" \/>\n<meta name=\"robots\" content=\"index, follow, max-snippet:-1, max-image-preview:large, max-video-preview:-1\" \/>\n<link rel=\"canonical\" href=\"https:\/\/raymond7.fr\/pages\/\" \/>\n<meta property=\"og:locale\" content=\"fr_FR\" \/>\n<meta property=\"og:type\" content=\"article\" \/>\n<meta property=\"og:title\" content=\"HOTEL RAYMOND VII - H\u00f4tel Raymond VII\" \/>\n<meta property=\"og:description\" content=\"Situ\u00e9 \u00e0 Cordes sur ciel, au c\u0153ur de la cit\u00e9 m\u00e9di\u00e9vale, l\u2019H\u00f4tel Raymond VII, vous propose sept chambres dans un cadre b\u00e2tit au XIIIe si\u00e8cle.\" \/>\n<meta property=\"og:url\" content=\"https:\/\/raymond7.fr\/pages\/\" \/>\n<meta property=\"og:site_name\" content=\"H\u00f4tel Raymond VII\" \/>\n<meta property=\"article:modified_time\" content=\"2020-04-24T06:26:56+00:00\" \/>\n<meta property=\"og:image\" content=\"http:\/\/raymond7.fr\/pages\/wp-content\/uploads\/2016\/05\/Cordes_rue_raymond7.jpg\" \/>\n<meta name=\"twitter:card\" content=\"summary_large_image\" \/>\n<meta name=\"twitter:label1\" content=\"Dur\u00e9e de lecture estim\u00e9e\" \/>\n\t<meta name=\"twitter:data1\" content=\"1 minute\" \/>\n<script type=\"application\/ld+json\" class=\"yoast-schema-graph\">{\"@context\":\"https:\/\/schema.org\",\"@graph\":[{\"@type\":\"WebPage\",\"@id\":\"https:\/\/raymond7.fr\/pages\/\",\"url\":\"https:\/\/raymond7.fr\/pages\/\",\"name\":\"HOTEL RAYMOND VII - H\u00f4tel Raymond VII\",\"isPartOf\":{\"@id\":\"https:\/\/raymond7.fr\/pages\/#website\"},\"datePublished\":\"2016-05-12T17:31:37+00:00\",\"dateModified\":\"2020-04-24T06:26:56+00:00\",\"description\":\"Situ\u00e9 \u00e0 Cordes sur ciel, au c\u0153ur de la cit\u00e9 m\u00e9di\u00e9vale, l\u2019H\u00f4tel Raymond VII, vous propose sept chambres dans un cadre b\u00e2tit au XIIIe si\u00e8cle.\",\"breadcrumb\":{\"@id\":\"https:\/\/raymond7.fr\/pages\/#breadcrumb\"},\"inLanguage\":\"fr-FR\",\"potentialAction\":[{\"@type\":\"ReadAction\",\"target\":[\"https:\/\/raymond7.fr\/pages\/\"]}]},{\"@type\":\"BreadcrumbList\",\"@id\":\"https:\/\/raymond7.fr\/pages\/#breadcrumb\",\"itemListElement\":[{\"@type\":\"ListItem\",\"position\":1,\"name\":\"Accueil\",\"item\":\"https:\/\/raymond7.fr\/pages\/\"},{\"@type\":\"ListItem\",\"position\":2,\"name\":\"HOTEL RAYMOND VII\"}]},{\"@type\":\"WebSite\",\"@id\":\"https:\/\/raymond7.fr\/pages\/#website\",\"url\":\"https:\/\/raymond7.fr\/pages\/\",\"name\":\"H\u00f4tel Raymond VII\",\"description\":\"UN HOTEL DE CARACTERE\",\"potentialAction\":[{\"@type\":\"SearchAction\",\"target\":{\"@type\":\"EntryPoint\",\"urlTemplate\":\"https:\/\/raymond7.fr\/pages\/?s={search_term_string}\"},\"query-input\":\"required name=search_term_string\"}],\"inLanguage\":\"fr-FR\"}]}<\/script>\n<!-- \/ Yoast SEO plugin. -->","yoast_head_json":{"title":"HOTEL RAYMOND VII - H\u00f4tel Raymond VII","description":"Situ\u00e9 \u00e0 Cordes sur ciel, au c\u0153ur de la cit\u00e9 m\u00e9di\u00e9vale, l\u2019H\u00f4tel Raymond VII, vous propose sept chambres dans un cadre b\u00e2tit au XIIIe si\u00e8cle.","robots":{"index":"index","follow":"follow","max-snippet":"max-snippet:-1","max-image-preview":"max-image-preview:large","max-video-preview":"max-video-preview:-1"},"canonical":"https:\/\/raymond7.fr\/pages\/","og_locale":"fr_FR","og_type":"article","og_title":"HOTEL RAYMOND VII - H\u00f4tel Raymond VII","og_description":"Situ\u00e9 \u00e0 Cordes sur ciel, au c\u0153ur de la cit\u00e9 m\u00e9di\u00e9vale, l\u2019H\u00f4tel Raymond VII, vous propose sept chambres dans un cadre b\u00e2tit au XIIIe si\u00e8cle.","og_url":"https:\/\/raymond7.fr\/pages\/","og_site_name":"H\u00f4tel Raymond VII","article_modified_time":"2020-04-24T06:26:56+00:00","og_image":[{"url":"http:\/\/raymond7.fr\/pages\/wp-content\/uploads\/2016\/05\/Cordes_rue_raymond7.jpg"}],"twitter_card":"summary_large_image","twitter_misc":{"Dur\u00e9e de lecture estim\u00e9e":"1 minute"},"schema":{"@context":"https:\/\/schema.org","@graph":[{"@type":"WebPage","@id":"https:\/\/raymond7.fr\/pages\/","url":"https:\/\/raymond7.fr\/pages\/","name":"HOTEL RAYMOND VII - H\u00f4tel Raymond VII","isPartOf":{"@id":"https:\/\/raymond7.fr\/pages\/#website"},"datePublished":"2016-05-12T17:31:37+00:00","dateModified":"2020-04-24T06:26:56+00:00","description":"Situ\u00e9 \u00e0 Cordes sur ciel, au c\u0153ur de la cit\u00e9 m\u00e9di\u00e9vale, l\u2019H\u00f4tel Raymond VII, vous propose sept chambres dans un cadre b\u00e2tit au XIIIe si\u00e8cle.","breadcrumb":{"@id":"https:\/\/raymond7.fr\/pages\/#breadcrumb"},"inLanguage":"fr-FR","potentialAction":[{"@type":"ReadAction","target":["https:\/\/raymond7.fr\/pages\/"]}]},{"@type":"BreadcrumbList","@id":"https:\/\/raymond7.fr\/pages\/#breadcrumb","itemListElement":[{"@type":"ListItem","position":1,"name":"Accueil","item":"https:\/\/raymond7.fr\/pages\/"},{"@type":"ListItem","position":2,"name":"HOTEL RAYMOND VII"}]},{"@type":"WebSite","@id":"https:\/\/raymond7.fr\/pages\/#website","url":"https:\/\/raymond7.fr\/pages\/","name":"H\u00f4tel Raymond VII","description":"UN HOTEL DE CARACTERE","potentialAction":[{"@type":"SearchAction","target":{"@type":"EntryPoint","urlTemplate":"https:\/\/raymond7.fr\/pages\/?s={search_term_string}"},"query-input":"required name=search_term_string"}],"inLanguage":"fr-FR"}]}},"_links":{"self":[{"href":"https:\/\/raymond7.fr\/pages\/wp-json\/wp\/v2\/pages\/6"}],"collection":[{"href":"https:\/\/raymond7.fr\/pages\/wp-json\/wp\/v2\/pages"}],"about":[{"href":"https:\/\/raymond7.fr\/pages\/wp-json\/wp\/v2\/types\/page"}],"author":[{"embeddable":true,"href":"https:\/\/raymond7.fr\/pages\/wp-json\/wp\/v2\/users\/1"}],"replies":[{"embeddable":true,"href":"https:\/\/raymond7.fr\/pages\/wp-json\/wp\/v2\/comments?post=6"}],"version-history":[{"count":63,"href":"https:\/\/raymond7.fr\/pages\/wp-json\/wp\/v2\/pages\/6\/revisions"}],"predecessor-version":[{"id":191,"href":"https:\/\/raymond7.fr\/pages\/wp-json\/wp\/v2\/pages\/6\/revisions\/191"}],"wp:attachment":[{"href":"https:\/\/raymond7.fr\/pages\/wp-json\/wp\/v2\/media?parent=6"}],"curies":[{"name":"wp","href":"https:\/\/api.w.org\/{rel}","templated":true}]}}